{"id":585,"date":"2025-01-10T13:59:44","date_gmt":"2025-01-10T12:59:44","guid":{"rendered":"https:\/\/ycat.fr\/?post_type=product&#038;p=585"},"modified":"2026-01-29T21:32:14","modified_gmt":"2026-01-29T20:32:14","slug":"y-one","status":"publish","type":"product","link":"https:\/\/ycat.fr\/index.php\/produit\/y-one\/","title":{"rendered":"Y-One"},"content":{"rendered":"<section class=\"l-section wpb_row height_medium\">\n<div class=\"l-section-h i-cf\">\n<div class=\"g-cols vc_row via_flex valign_top type_default stacking_default\">\n<div class=\"vc_col-sm-12 wpb_column vc_column_container\">\n<div class=\"vc_column-inner\">\n<div class=\"wpb_wrapper\">\n<div class=\"wpb_text_column\">\n<div class=\"wpb_wrapper\">\n<h2>Caract\u00e9ristiques techniques<\/h2>\n<ul>\n<li><span class=\"preco-caracteristiques\">Poids :<\/span> 500gr<\/li>\n<li><span class=\"preco-caracteristiques\">Mati\u00e8re :<\/span> Polycarbonate (visi\u00e8re), ABS ou PC (coque)<\/li>\n<li><span class=\"preco-caracteristiques\">Pr\u00e9filtres :<\/span> G1 (lavable)<\/li>\n<li><span class=\"preco-caracteristiques\">Filtres :<\/span> HEPA 13 pliss\u00e9 synth\u00e9tique (lavable)<\/li>\n<li><span class=\"preco-caracteristiques\">Purification :<\/span> LED UVc (d\u00e9stockage des agents pathog\u00e8nes)<\/li>\n<li><span class=\"preco-caracteristiques\">Ventilateurs :<\/span> 2 (technologie d\u2019innovation)<\/li>\n<li><span class=\"preco-caracteristiques\">\u00c9nergie :<\/span> Batterie rechargeable 12v 10.000 mAh<\/li>\n<li><span class=\"preco-caracteristiques\">Autonomie :<\/span> 4h (12v \u2013 10.000 mAh)<\/li>\n<li><span class=\"preco-caracteristiques\">D\u00e9bit d\u2019air :<\/span> 12m3 \/h maxi<\/li>\n<li><span class=\"preco-caracteristiques\">Niveau sonore en utilisation :<\/span> 28 Db maxi<\/li>\n<li><span class=\"preco-caracteristiques\">Visi\u00e8re :<\/span>\u00a0traitement antibu\u00e9e, protection UV et flash \u00e9lectrique 1.000v, vernis antirayure<\/li>\n<\/ul>\n<\/div>\n<\/div>\n<\/div>\n<\/div>\n<\/div>\n<\/div>\n<\/div>\n<\/section>\n<section class=\"l-section wpb_row height_medium\">\n<div class=\"l-section-h i-cf\">\n<div class=\"g-cols vc_row via_flex valign_top type_default stacking_default\">\n<div class=\"vc_col-sm-12 wpb_column vc_column_container\">\n<div class=\"vc_column-inner\">\n<div class=\"wpb_wrapper\">\n<div class=\"wpb_text_column\">\n<div class=\"wpb_wrapper\">\n<h2>D\u00e9couvrez la visi\u00e8re r\u00e9volutionnaire qui allie protection, confort et performance !<\/h2>\n<p>Offrant une\u00a0<strong>protection optimale des voies respiratoires, des yeux et du visage<\/strong>, cette visi\u00e8re est sp\u00e9cialement con\u00e7ue pour faire face \u00e0 la poussi\u00e8re, aux projections et aux \u00e9l\u00e9ments ext\u00e9rieurs comme le vent ou le soleil. Sa structure d\u2019isolation prot\u00e8ge efficacement sans r\u00e9duire votre champ de vision, vous permettant de travailler avec pr\u00e9cision, notamment dans les m\u00e9tiers manuels. Dot\u00e9e d\u2019un\u00a0<strong>traitement anti-bu\u00e9e<\/strong>, elle garantit une vision toujours claire, m\u00eame dans les environnements exigeants.<\/p>\n<p>Avec sa technologie de pointe, cette visi\u00e8re vous assure un\u00a0<strong>courant d\u2019air frais agr\u00e9able<\/strong>, purifi\u00e9 gr\u00e2ce \u00e0 des filtres ultra-performants. Connect\u00e9e \u00e0 une batterie de 12000 mAh (vendue s\u00e9par\u00e9ment), elle offre une autonomie allant jusqu\u2019\u00e0\u00a0<strong>20 heures<\/strong>, vous permettant de rester concentr\u00e9 sur vos t\u00e2ches sans interruption. Le design ergonomique et l\u00e9ger assure un ajustement parfait, pour une utilisation prolong\u00e9e sans fatigue.<\/p>\n<p>Sa\u00a0<strong>facilit\u00e9 d\u2019entretien<\/strong>\u00a0et sa rapidit\u00e9 de mise en place en font un outil id\u00e9al pour les professionnels et les amateurs. En plus de garantir une\u00a0<strong>meilleure respiration<\/strong>, elle vous accompagne en silence, pour une exp\u00e9rience fluide et discr\u00e8te.\u00a0<strong>L\u00e9g\u00e8re et bien ajust\u00e9e<\/strong>, elle laisse une totale libert\u00e9 de mouvement, vous permettant de travailler efficacement sans compromis sur le confort.<\/p>\n<p>Faites le choix d\u2019une solution qui r\u00e9volutionne votre quotidien : une visi\u00e8re performante, confortable et durable, qui s\u2019adapte \u00e0 vos besoins. Pr\u00e9commandez d\u00e8s maintenant pour profiter de cette\u00a0<strong>nouvelle norme en mati\u00e8re de protection et d\u2019air purifi\u00e9<\/strong>, et travaillez en toute s\u00e9r\u00e9nit\u00e9 !<\/p>\n<\/div>\n<\/div>\n<\/div>\n<\/div>\n<\/div>\n<\/div>\n<\/div>\n<\/section>\n","protected":false},"excerpt":{"rendered":"<p>Mieux qu&rsquo;un masque au quotidien et un air sain pour chacun<\/p>\n","protected":false},"featured_media":598,"comment_status":"open","ping_status":"closed","template":"","meta":{"_et_pb_use_builder":"","_et_pb_old_content":"","_et_gb_content_width":"","content-type":""},"product_brand":[],"product_cat":[23],"product_tag":[],"class_list":{"0":"post-585","1":"product","2":"type-product","3":"status-publish","4":"has-post-thumbnail","6":"wc_square_synced-yes","7":"product_cat-non-classe","9":"first","10":"instock","11":"shipping-taxable","12":"purchasable","13":"product-type-simple"},"yoast_head":"<!-- This site is optimized with the Yoast SEO plugin v27.5 - https:\/\/yoast.com\/product\/yoast-seo-wordpress\/ -->\n<title>Y-One - Y-CAT<\/title>\n<meta name=\"robots\" content=\"index, follow, max-snippet:-1, max-image-preview:large, max-video-preview:-1\" \/>\n<link rel=\"canonical\" href=\"https:\/\/ycat.fr\/index.php\/produit\/y-one\/\" \/>\n<meta property=\"og:locale\" content=\"fr_FR\" \/>\n<meta property=\"og:type\" content=\"article\" \/>\n<meta property=\"og:title\" content=\"Y-One - Y-CAT\" \/>\n<meta property=\"og:description\" content=\"Mieux qu&#039;un masque au quotidien et un air sain pour chacun\" \/>\n<meta property=\"og:url\" content=\"https:\/\/ycat.fr\/index.php\/produit\/y-one\/\" \/>\n<meta property=\"og:site_name\" content=\"Y-CAT\" \/>\n<meta property=\"article:modified_time\" content=\"2026-01-29T20:32:14+00:00\" \/>\n<meta property=\"og:image\" content=\"https:\/\/ycat.fr\/wp-content\/uploads\/2025\/01\/Y-One-RAL-9010-e1736682503666-1024x1024.png\" \/>\n\t<meta property=\"og:image:width\" content=\"1024\" \/>\n\t<meta property=\"og:image:height\" content=\"1024\" \/>\n\t<meta property=\"og:image:type\" content=\"image\/png\" \/>\n<meta name=\"twitter:card\" content=\"summary_large_image\" \/>\n<meta name=\"twitter:label1\" content=\"Dur\u00e9e de lecture estim\u00e9e\" \/>\n\t<meta name=\"twitter:data1\" content=\"2 minutes\" \/>\n<script type=\"application\/ld+json\" class=\"yoast-schema-graph\">{\"@context\":\"https:\\\/\\\/schema.org\",\"@graph\":[{\"@type\":\"WebPage\",\"@id\":\"https:\\\/\\\/ycat.fr\\\/index.php\\\/produit\\\/y-one\\\/\",\"url\":\"https:\\\/\\\/ycat.fr\\\/index.php\\\/produit\\\/y-one\\\/\",\"name\":\"Y-One - Y-CAT\",\"isPartOf\":{\"@id\":\"https:\\\/\\\/ycat.fr\\\/#website\"},\"primaryImageOfPage\":{\"@id\":\"https:\\\/\\\/ycat.fr\\\/index.php\\\/produit\\\/y-one\\\/#primaryimage\"},\"image\":{\"@id\":\"https:\\\/\\\/ycat.fr\\\/index.php\\\/produit\\\/y-one\\\/#primaryimage\"},\"thumbnailUrl\":\"https:\\\/\\\/ycat.fr\\\/wp-content\\\/uploads\\\/2025\\\/01\\\/Y-One-RAL-9010-e1736682503666.png\",\"datePublished\":\"2025-01-10T12:59:44+00:00\",\"dateModified\":\"2026-01-29T20:32:14+00:00\",\"breadcrumb\":{\"@id\":\"https:\\\/\\\/ycat.fr\\\/index.php\\\/produit\\\/y-one\\\/#breadcrumb\"},\"inLanguage\":\"fr-FR\",\"potentialAction\":[{\"@type\":\"ReadAction\",\"target\":[\"https:\\\/\\\/ycat.fr\\\/index.php\\\/produit\\\/y-one\\\/\"]}]},{\"@type\":\"ImageObject\",\"inLanguage\":\"fr-FR\",\"@id\":\"https:\\\/\\\/ycat.fr\\\/index.php\\\/produit\\\/y-one\\\/#primaryimage\",\"url\":\"https:\\\/\\\/ycat.fr\\\/wp-content\\\/uploads\\\/2025\\\/01\\\/Y-One-RAL-9010-e1736682503666.png\",\"contentUrl\":\"https:\\\/\\\/ycat.fr\\\/wp-content\\\/uploads\\\/2025\\\/01\\\/Y-One-RAL-9010-e1736682503666.png\",\"width\":2500,\"height\":2500},{\"@type\":\"BreadcrumbList\",\"@id\":\"https:\\\/\\\/ycat.fr\\\/index.php\\\/produit\\\/y-one\\\/#breadcrumb\",\"itemListElement\":[{\"@type\":\"ListItem\",\"position\":1,\"name\":\"Home\",\"item\":\"https:\\\/\\\/ycat.fr\\\/\"},{\"@type\":\"ListItem\",\"position\":2,\"name\":\"Boutique\",\"item\":\"https:\\\/\\\/ycat.fr\\\/index.php\\\/boutique\\\/\"},{\"@type\":\"ListItem\",\"position\":3,\"name\":\"Y-One\"}]},{\"@type\":\"WebSite\",\"@id\":\"https:\\\/\\\/ycat.fr\\\/#website\",\"url\":\"https:\\\/\\\/ycat.fr\\\/\",\"name\":\"Y-CAT\",\"description\":\"\",\"potentialAction\":[{\"@type\":\"SearchAction\",\"target\":{\"@type\":\"EntryPoint\",\"urlTemplate\":\"https:\\\/\\\/ycat.fr\\\/?s={search_term_string}\"},\"query-input\":{\"@type\":\"PropertyValueSpecification\",\"valueRequired\":true,\"valueName\":\"search_term_string\"}}],\"inLanguage\":\"fr-FR\"}]}<\/script>\n<!-- \/ Yoast SEO plugin. -->","yoast_head_json":{"title":"Y-One - Y-CAT","robots":{"index":"index","follow":"follow","max-snippet":"max-snippet:-1","max-image-preview":"max-image-preview:large","max-video-preview":"max-video-preview:-1"},"canonical":"https:\/\/ycat.fr\/index.php\/produit\/y-one\/","og_locale":"fr_FR","og_type":"article","og_title":"Y-One - Y-CAT","og_description":"Mieux qu'un masque au quotidien et un air sain pour chacun","og_url":"https:\/\/ycat.fr\/index.php\/produit\/y-one\/","og_site_name":"Y-CAT","article_modified_time":"2026-01-29T20:32:14+00:00","og_image":[{"width":1024,"height":1024,"url":"https:\/\/ycat.fr\/wp-content\/uploads\/2025\/01\/Y-One-RAL-9010-e1736682503666-1024x1024.png","type":"image\/png"}],"twitter_card":"summary_large_image","twitter_misc":{"Dur\u00e9e de lecture estim\u00e9e":"2 minutes"},"schema":{"@context":"https:\/\/schema.org","@graph":[{"@type":"WebPage","@id":"https:\/\/ycat.fr\/index.php\/produit\/y-one\/","url":"https:\/\/ycat.fr\/index.php\/produit\/y-one\/","name":"Y-One - Y-CAT","isPartOf":{"@id":"https:\/\/ycat.fr\/#website"},"primaryImageOfPage":{"@id":"https:\/\/ycat.fr\/index.php\/produit\/y-one\/#primaryimage"},"image":{"@id":"https:\/\/ycat.fr\/index.php\/produit\/y-one\/#primaryimage"},"thumbnailUrl":"https:\/\/ycat.fr\/wp-content\/uploads\/2025\/01\/Y-One-RAL-9010-e1736682503666.png","datePublished":"2025-01-10T12:59:44+00:00","dateModified":"2026-01-29T20:32:14+00:00","breadcrumb":{"@id":"https:\/\/ycat.fr\/index.php\/produit\/y-one\/#breadcrumb"},"inLanguage":"fr-FR","potentialAction":[{"@type":"ReadAction","target":["https:\/\/ycat.fr\/index.php\/produit\/y-one\/"]}]},{"@type":"ImageObject","inLanguage":"fr-FR","@id":"https:\/\/ycat.fr\/index.php\/produit\/y-one\/#primaryimage","url":"https:\/\/ycat.fr\/wp-content\/uploads\/2025\/01\/Y-One-RAL-9010-e1736682503666.png","contentUrl":"https:\/\/ycat.fr\/wp-content\/uploads\/2025\/01\/Y-One-RAL-9010-e1736682503666.png","width":2500,"height":2500},{"@type":"BreadcrumbList","@id":"https:\/\/ycat.fr\/index.php\/produit\/y-one\/#breadcrumb","itemListElement":[{"@type":"ListItem","position":1,"name":"Home","item":"https:\/\/ycat.fr\/"},{"@type":"ListItem","position":2,"name":"Boutique","item":"https:\/\/ycat.fr\/index.php\/boutique\/"},{"@type":"ListItem","position":3,"name":"Y-One"}]},{"@type":"WebSite","@id":"https:\/\/ycat.fr\/#website","url":"https:\/\/ycat.fr\/","name":"Y-CAT","description":"","potentialAction":[{"@type":"SearchAction","target":{"@type":"EntryPoint","urlTemplate":"https:\/\/ycat.fr\/?s={search_term_string}"},"query-input":{"@type":"PropertyValueSpecification","valueRequired":true,"valueName":"search_term_string"}}],"inLanguage":"fr-FR"}]}},"_links":{"self":[{"href":"https:\/\/ycat.fr\/index.php\/wp-json\/wp\/v2\/product\/585","targetHints":{"allow":["GET"]}}],"collection":[{"href":"https:\/\/ycat.fr\/index.php\/wp-json\/wp\/v2\/product"}],"about":[{"href":"https:\/\/ycat.fr\/index.php\/wp-json\/wp\/v2\/types\/product"}],"replies":[{"embeddable":true,"href":"https:\/\/ycat.fr\/index.php\/wp-json\/wp\/v2\/comments?post=585"}],"wp:featuredmedia":[{"embeddable":true,"href":"https:\/\/ycat.fr\/index.php\/wp-json\/wp\/v2\/media\/598"}],"wp:attachment":[{"href":"https:\/\/ycat.fr\/index.php\/wp-json\/wp\/v2\/media?parent=585"}],"wp:term":[{"taxonomy":"product_brand","embeddable":true,"href":"https:\/\/ycat.fr\/index.php\/wp-json\/wp\/v2\/product_brand?post=585"},{"taxonomy":"product_cat","embeddable":true,"href":"https:\/\/ycat.fr\/index.php\/wp-json\/wp\/v2\/product_cat?post=585"},{"taxonomy":"product_tag","embeddable":true,"href":"https:\/\/ycat.fr\/index.php\/wp-json\/wp\/v2\/product_tag?post=585"}],"curies":[{"name":"wp","href":"https:\/\/api.w.org\/{rel}","templated":true}]}}